{"id":1179,"date":"2023-12-01T14:01:47","date_gmt":"2023-12-01T12:01:47","guid":{"rendered":"https:\/\/marypoppins.gr\/o-stathmos-mas\/apogevmatina-ergastiria\/"},"modified":"2024-02-28T12:44:46","modified_gmt":"2024-02-28T10:44:46","slug":"apogevmatina-ergastiria","status":"publish","type":"page","link":"http:\/\/marypoppins.gr\/fr\/o-stathmos-mas\/apogevmatina-ergastiria\/","title":{"rendered":"Activites"},"content":{"rendered":"\t\t<div data-elementor-type=\"wp-page\" data-elementor-id=\"1179\" class=\"elementor elementor-1179 elementor-615\">\n\t\t\t\t\t\t<section class=\"elementor-section elementor-top-section elementor-element elementor-element-e2a2af9 qode_elementor_container_inner elementor-section-boxed elementor-section-height-default elementor-section-height-default parallax_section_no\" data-id=\"e2a2af9\" data-element_type=\"section\">\n\t\t\t\t\t\t<div class=\"elementor-container elementor-column-gap-default\">\n\t\t\t\t\t<div class=\"elementor-column elementor-col-50 elementor-top-column elementor-element elementor-element-bb08c2e\" data-id=\"bb08c2e\" data-element_type=\"column\">\n\t\t\t<div class=\"elementor-widget-wrap elementor-element-populated\">\n\t\t\t\t\t\t<div class=\"elementor-element elementor-element-9eb7d78 elementor-widget elementor-widget-image\" data-id=\"9eb7d78\" data-element_type=\"widget\" data-widget_type=\"image.default\">\n\t\t\t\t<div class=\"elementor-widget-container\">\n\t\t\t<style>\/*! elementor - v3.19.0 - 26-02-2024 *\/\n.elementor-widget-image{text-align:center}.elementor-widget-image a{display:inline-block}.elementor-widget-image a img[src$=\".svg\"]{width:48px}.elementor-widget-image img{vertical-align:middle;display:inline-block}<\/style>\t\t\t\t\t\t\t\t\t\t<img fetchpriority=\"high\" decoding=\"async\" width=\"600\" height=\"600\" src=\"http:\/\/marypoppins.gr\/wp-content\/uploads\/ergastiria-left.jpg\" class=\"attachment-large size-large wp-image-621\" alt=\"\u0391\u03c0\u03bf\u03b3\u03b5\u03c5\u03bc\u03b1\u03c4\u03b9\u03bd\u03ac \u0395\u03c1\u03b3\u03b1\u03c3\u03c4\u03ae\u03c1\u03b9\u03b1\" srcset=\"http:\/\/marypoppins.gr\/wp-content\/uploads\/ergastiria-left.jpg 600w, http:\/\/marypoppins.gr\/wp-content\/uploads\/ergastiria-left-300x300.jpg 300w, http:\/\/marypoppins.gr\/wp-content\/uploads\/ergastiria-left-150x150.jpg 150w, http:\/\/marypoppins.gr\/wp-content\/uploads\/ergastiria-left-570x570.jpg 570w, http:\/\/marypoppins.gr\/wp-content\/uploads\/ergastiria-left-500x500.jpg 500w\" sizes=\"(max-width: 600px) 100vw, 600px\" \/>\t\t\t\t\t\t\t\t\t\t\t\t\t<\/div>\n\t\t\t\t<\/div>\n\t\t\t\t\t<\/div>\n\t\t<\/div>\n\t\t\t\t<div class=\"elementor-column elementor-col-50 elementor-top-column elementor-element elementor-element-4b5fbcd\" data-id=\"4b5fbcd\" data-element_type=\"column\">\n\t\t\t<div class=\"elementor-widget-wrap elementor-element-populated\">\n\t\t\t\t\t\t<div class=\"elementor-element elementor-element-c1b8b62 elementor-widget elementor-widget-text-editor\" data-id=\"c1b8b62\" data-element_type=\"widget\" data-widget_type=\"text-editor.default\">\n\t\t\t\t<div class=\"elementor-widget-container\">\n\t\t\t<style>\/*! elementor - v3.19.0 - 26-02-2024 *\/\n.elementor-widget-text-editor.elementor-drop-cap-view-stacked .elementor-drop-cap{background-color:#69727d;color:#fff}.elementor-widget-text-editor.elementor-drop-cap-view-framed .elementor-drop-cap{color:#69727d;border:3px solid;background-color:transparent}.elementor-widget-text-editor:not(.elementor-drop-cap-view-default) .elementor-drop-cap{margin-top:8px}.elementor-widget-text-editor:not(.elementor-drop-cap-view-default) .elementor-drop-cap-letter{width:1em;height:1em}.elementor-widget-text-editor .elementor-drop-cap{float:left;text-align:center;line-height:1;font-size:50px}.elementor-widget-text-editor .elementor-drop-cap-letter{display:inline-block}<\/style>\t\t\t\t<h2>Engagement cr\u00e9atif avec des activit\u00e9s th\u00e9matiques<\/h2>\t\t\t\t\t\t<\/div>\n\t\t\t\t<\/div>\n\t\t\t\t<div class=\"elementor-element elementor-element-ec4da14 elementor-widget elementor-widget-text-editor\" data-id=\"ec4da14\" data-element_type=\"widget\" data-widget_type=\"text-editor.default\">\n\t\t\t\t<div class=\"elementor-widget-container\">\n\t\t\t\t\t\t\t<p><strong>Tous les jours, sauf le vendredi, de 15:00 \u00e0 17:00, sont propos\u00e9s aux parents qui le souhaitent des ateliers divers.<\/strong><\/p>\t\t\t\t\t\t<\/div>\n\t\t\t\t<\/div>\n\t\t\t\t<div class=\"elementor-element elementor-element-8c9ef7d elementor-widget elementor-widget-text-editor\" data-id=\"8c9ef7d\" data-element_type=\"widget\" data-widget_type=\"text-editor.default\">\n\t\t\t\t<div class=\"elementor-widget-container\">\n\t\t\t\t\t\t\t<p><span style=\"color: #ffffff;\">dont l&rsquo;existence va d\u00e9pendre du nombre de participants.<\/span><\/p>\t\t\t\t\t\t<\/div>\n\t\t\t\t<\/div>\n\t\t\t\t\t<\/div>\n\t\t<\/div>\n\t\t\t\t\t<\/div>\n\t\t<\/section>\n\t\t\t\t<section class=\"elementor-section elementor-top-section elementor-element elementor-element-efed5d0 qode_elementor_container_inner elementor-section-boxed elementor-section-height-default elementor-section-height-default parallax_section_no\" data-id=\"efed5d0\" data-element_type=\"section\">\n\t\t\t\t\t\t<div class=\"elementor-container elementor-column-gap-default\">\n\t\t\t\t\t<div class=\"elementor-column elementor-col-100 elementor-top-column elementor-element elementor-element-79a01ee\" data-id=\"79a01ee\" data-element_type=\"column\">\n\t\t\t<div class=\"elementor-widget-wrap elementor-element-populated\">\n\t\t\t\t\t\t<div class=\"elementor-element elementor-element-d87b574 elementor-widget elementor-widget-text-editor\" data-id=\"d87b574\" data-element_type=\"widget\" data-widget_type=\"text-editor.default\">\n\t\t\t\t<div class=\"elementor-widget-container\">\n\t\t\t\t\t\t\t<h2>Activit\u00e9s et jeux<\/h2>\t\t\t\t\t\t<\/div>\n\t\t\t\t<\/div>\n\t\t\t\t\t<\/div>\n\t\t<\/div>\n\t\t\t\t\t<\/div>\n\t\t<\/section>\n\t\t\t\t<section class=\"elementor-section elementor-top-section elementor-element elementor-element-38d9ba2 qode_elementor_container_inner elementor-section-boxed elementor-section-height-default elementor-section-height-default parallax_section_no\" data-id=\"38d9ba2\" data-element_type=\"section\" data-settings=\"{&quot;background_background&quot;:&quot;classic&quot;}\">\n\t\t\t\t\t\t<div class=\"elementor-container elementor-column-gap-default\">\n\t\t\t\t\t<div class=\"elementor-column elementor-col-50 elementor-top-column elementor-element elementor-element-5fff3f2\" data-id=\"5fff3f2\" data-element_type=\"column\">\n\t\t\t<div class=\"elementor-widget-wrap elementor-element-populated\">\n\t\t\t\t\t\t<div class=\"elementor-element elementor-element-a5ed2b8 elementor-widget elementor-widget-image\" data-id=\"a5ed2b8\" data-element_type=\"widget\" data-widget_type=\"image.default\">\n\t\t\t\t<div class=\"elementor-widget-container\">\n\t\t\t\t\t\t\t\t\t\t\t\t\t<img decoding=\"async\" width=\"992\" height=\"660\" src=\"http:\/\/marypoppins.gr\/wp-content\/uploads\/16061_w.jpg\" class=\"attachment-full size-full wp-image-619\" alt=\"\u0391\u03c0\u03bf\u03b3\u03b5\u03c5\u03bc\u03b1\u03c4\u03b9\u03bd\u03ac \u0395\u03c1\u03b3\u03b1\u03c3\u03c4\u03ae\u03c1\u03b9\u03b1\" srcset=\"http:\/\/marypoppins.gr\/wp-content\/uploads\/16061_w.jpg 992w, http:\/\/marypoppins.gr\/wp-content\/uploads\/16061_w-300x200.jpg 300w, http:\/\/marypoppins.gr\/wp-content\/uploads\/16061_w-768x511.jpg 768w, http:\/\/marypoppins.gr\/wp-content\/uploads\/16061_w-700x466.jpg 700w\" sizes=\"(max-width: 992px) 100vw, 992px\" \/>\t\t\t\t\t\t\t\t\t\t\t\t\t<\/div>\n\t\t\t\t<\/div>\n\t\t\t\t\t<\/div>\n\t\t<\/div>\n\t\t\t\t<div class=\"elementor-column elementor-col-50 elementor-top-column elementor-element elementor-element-ef33322\" data-id=\"ef33322\" data-element_type=\"column\">\n\t\t\t<div class=\"elementor-widget-wrap elementor-element-populated\">\n\t\t\t\t\t\t<div class=\"elementor-element elementor-element-265522d elementor-widget elementor-widget-image\" data-id=\"265522d\" data-element_type=\"widget\" data-widget_type=\"image.default\">\n\t\t\t\t<div class=\"elementor-widget-container\">\n\t\t\t\t\t\t\t\t\t\t\t\t\t<img decoding=\"async\" width=\"992\" height=\"660\" src=\"http:\/\/marypoppins.gr\/wp-content\/uploads\/25022016153-Custom-1.jpg\" class=\"attachment-full size-full wp-image-620\" alt=\"\u0391\u03c0\u03bf\u03b3\u03b5\u03c5\u03bc\u03b1\u03c4\u03b9\u03bd\u03ac \u0395\u03c1\u03b3\u03b1\u03c3\u03c4\u03ae\u03c1\u03b9\u03b1\" srcset=\"http:\/\/marypoppins.gr\/wp-content\/uploads\/25022016153-Custom-1.jpg 992w, http:\/\/marypoppins.gr\/wp-content\/uploads\/25022016153-Custom-1-300x200.jpg 300w, http:\/\/marypoppins.gr\/wp-content\/uploads\/25022016153-Custom-1-768x511.jpg 768w, http:\/\/marypoppins.gr\/wp-content\/uploads\/25022016153-Custom-1-700x466.jpg 700w\" sizes=\"(max-width: 992px) 100vw, 992px\" \/>\t\t\t\t\t\t\t\t\t\t\t\t\t<\/div>\n\t\t\t\t<\/div>\n\t\t\t\t\t<\/div>\n\t\t<\/div>\n\t\t\t\t\t<\/div>\n\t\t<\/section>\n\t\t\t\t<section class=\"elementor-section elementor-top-section elementor-element elementor-element-d5cc8d9 qode_elementor_container_inner elementor-section-boxed elementor-section-height-default elementor-section-height-default parallax_section_no\" data-id=\"d5cc8d9\" data-element_type=\"section\" data-settings=\"{&quot;background_background&quot;:&quot;classic&quot;}\">\n\t\t\t\t\t\t<div class=\"elementor-container elementor-column-gap-default\">\n\t\t\t\t\t<div class=\"elementor-column elementor-col-100 elementor-top-column elementor-element elementor-element-2c29558\" data-id=\"2c29558\" data-element_type=\"column\">\n\t\t\t<div class=\"elementor-widget-wrap elementor-element-populated\">\n\t\t\t\t\t\t<div class=\"elementor-element elementor-element-27c43bb elementor-widget elementor-widget-text-editor\" data-id=\"27c43bb\" data-element_type=\"widget\" data-widget_type=\"text-editor.default\">\n\t\t\t\t<div class=\"elementor-widget-container\">\n\t\t\t\t\t\t\t<p>Ils comprennent diverses activit\u00e9s th\u00e9matiques telles que:<\/p>\t\t\t\t\t\t<\/div>\n\t\t\t\t<\/div>\n\t\t\t\t\t<\/div>\n\t\t<\/div>\n\t\t\t\t\t<\/div>\n\t\t<\/section>\n\t\t\t\t<section class=\"elementor-section elementor-top-section elementor-element elementor-element-8ce1d35 qode_elementor_container_inner elementor-section-boxed elementor-section-height-default elementor-section-height-default parallax_section_no\" data-id=\"8ce1d35\" data-element_type=\"section\" data-settings=\"{&quot;background_background&quot;:&quot;classic&quot;}\">\n\t\t\t\t\t\t<div class=\"elementor-container elementor-column-gap-default\">\n\t\t\t\t\t<div class=\"elementor-column elementor-col-100 elementor-top-column elementor-element elementor-element-85f3527\" data-id=\"85f3527\" data-element_type=\"column\">\n\t\t\t<div class=\"elementor-widget-wrap elementor-element-populated\">\n\t\t\t\t\t\t<div class=\"elementor-element elementor-element-bfa120d elementor-widget elementor-widget-text-editor\" data-id=\"bfa120d\" data-element_type=\"widget\" data-widget_type=\"text-editor.default\">\n\t\t\t\t<div class=\"elementor-widget-container\">\n\t\t\t\t\t\t\t<h6>Jeu th\u00e9\u00e2tral <strong><span style=\"color: #da275b;\">*<\/span><\/strong> Anglais <strong><span style=\"color: #da275b;\">*<\/span><\/strong> Mus\u00e9ologie <strong><span style=\"color: #da275b;\">*<\/span><\/strong> Dessin <strong><span style=\"color: #da275b;\">*<\/span><\/strong> Technologie <strong><span style=\"color: #da275b;\">*<\/span><\/strong> Arts plastiques <strong><span style=\"color: #da275b;\">*<\/span><\/strong> Exp\u00e9rience <strong><span style=\"color: #da275b;\">*<\/span><\/strong> Lecture de contes<\/h6>\t\t\t\t\t\t<\/div>\n\t\t\t\t<\/div>\n\t\t\t\t\t<\/div>\n\t\t<\/div>\n\t\t\t\t\t<\/div>\n\t\t<\/section>\n\t\t\t\t<\/div>\n\t\t","protected":false},"excerpt":{"rendered":"<p>Engagement cr\u00e9atif avec des activit\u00e9s th\u00e9matiques Tous les jours, sauf le vendredi, de 15:00 \u00e0 17:00, sont propos\u00e9s aux parents qui le souhaitent des ateliers divers. dont l&rsquo;existence va d\u00e9pendre du nombre de participants. Activit\u00e9s et jeux Ils comprennent diverses activit\u00e9s th\u00e9matiques telles que: Jeu&#8230;<\/p>\n","protected":false},"author":1,"featured_media":0,"parent":1127,"menu_order":3,"comment_status":"closed","ping_status":"closed","template":"","meta":{"footnotes":""},"class_list":["post-1179","page","type-page","status-publish","hentry"],"_links":{"self":[{"href":"http:\/\/marypoppins.gr\/fr\/wp-json\/wp\/v2\/pages\/1179","targetHints":{"allow":["GET"]}}],"collection":[{"href":"http:\/\/marypoppins.gr\/fr\/wp-json\/wp\/v2\/pages"}],"about":[{"href":"http:\/\/marypoppins.gr\/fr\/wp-json\/wp\/v2\/types\/page"}],"author":[{"embeddable":true,"href":"http:\/\/marypoppins.gr\/fr\/wp-json\/wp\/v2\/users\/1"}],"replies":[{"embeddable":true,"href":"http:\/\/marypoppins.gr\/fr\/wp-json\/wp\/v2\/comments?post=1179"}],"version-history":[{"count":10,"href":"http:\/\/marypoppins.gr\/fr\/wp-json\/wp\/v2\/pages\/1179\/revisions"}],"predecessor-version":[{"id":1311,"href":"http:\/\/marypoppins.gr\/fr\/wp-json\/wp\/v2\/pages\/1179\/revisions\/1311"}],"up":[{"embeddable":true,"href":"http:\/\/marypoppins.gr\/fr\/wp-json\/wp\/v2\/pages\/1127"}],"wp:attachment":[{"href":"http:\/\/marypoppins.gr\/fr\/wp-json\/wp\/v2\/media?parent=1179"}],"curies":[{"name":"wp","href":"https:\/\/api.w.org\/{rel}","templated":true}]}}