{"id":1162,"date":"2023-11-30T18:59:17","date_gmt":"2023-11-30T16:59:17","guid":{"rendered":"https:\/\/marypoppins.gr\/o-stathmos-mas\/agglofona-gallofona-tmimata\/"},"modified":"2024-02-28T12:43:24","modified_gmt":"2024-02-28T10:43:24","slug":"agglofona-gallofona-tmimata","status":"publish","type":"page","link":"http:\/\/marypoppins.gr\/fr\/o-stathmos-mas\/agglofona-gallofona-tmimata\/","title":{"rendered":"Anglophone Et Francophone"},"content":{"rendered":"\t\t<div data-elementor-type=\"wp-page\" data-elementor-id=\"1162\" class=\"elementor elementor-1162 elementor-585\">\n\t\t\t\t\t\t<section class=\"elementor-section elementor-top-section elementor-element elementor-element-cdb86de qode_elementor_container_inner elementor-section-boxed elementor-section-height-default elementor-section-height-default parallax_section_no\" data-id=\"cdb86de\" data-element_type=\"section\">\n\t\t\t\t\t\t<div class=\"elementor-container elementor-column-gap-default\">\n\t\t\t\t\t<div class=\"elementor-column elementor-col-50 elementor-top-column elementor-element elementor-element-e9a20c7\" data-id=\"e9a20c7\" data-element_type=\"column\">\n\t\t\t<div class=\"elementor-widget-wrap elementor-element-populated\">\n\t\t\t\t\t\t<div class=\"elementor-element elementor-element-81a1374 elementor-widget elementor-widget-image\" data-id=\"81a1374\" data-element_type=\"widget\" data-widget_type=\"image.default\">\n\t\t\t\t<div class=\"elementor-widget-container\">\n\t\t\t<style>\/*! elementor - v3.19.0 - 26-02-2024 *\/\n.elementor-widget-image{text-align:center}.elementor-widget-image a{display:inline-block}.elementor-widget-image a img[src$=\".svg\"]{width:48px}.elementor-widget-image img{vertical-align:middle;display:inline-block}<\/style>\t\t\t\t\t\t\t\t\t\t<img fetchpriority=\"high\" decoding=\"async\" width=\"600\" height=\"600\" src=\"http:\/\/marypoppins.gr\/wp-content\/uploads\/xenofona-tmimata-left.jpg\" class=\"attachment-large size-large wp-image-611\" alt=\"\u0391\u03b3\u03b3\u03bb\u03cc\u03c6\u03c9\u03bd\u03b1 \u03ba\u03b1\u03b9 \u0393\u03b1\u03bb\u03bb\u03cc\u03c6\u03c9\u03bd\u03b1 \u03a4\u03bc\u03ae\u03bc\u03b1\u03c4\u03b1\" srcset=\"http:\/\/marypoppins.gr\/wp-content\/uploads\/xenofona-tmimata-left.jpg 600w, http:\/\/marypoppins.gr\/wp-content\/uploads\/xenofona-tmimata-left-300x300.jpg 300w, http:\/\/marypoppins.gr\/wp-content\/uploads\/xenofona-tmimata-left-150x150.jpg 150w, http:\/\/marypoppins.gr\/wp-content\/uploads\/xenofona-tmimata-left-570x570.jpg 570w, http:\/\/marypoppins.gr\/wp-content\/uploads\/xenofona-tmimata-left-500x500.jpg 500w\" sizes=\"(max-width: 600px) 100vw, 600px\" \/>\t\t\t\t\t\t\t\t\t\t\t\t\t<\/div>\n\t\t\t\t<\/div>\n\t\t\t\t\t<\/div>\n\t\t<\/div>\n\t\t\t\t<div class=\"elementor-column elementor-col-50 elementor-top-column elementor-element elementor-element-d4c3e57\" data-id=\"d4c3e57\" data-element_type=\"column\">\n\t\t\t<div class=\"elementor-widget-wrap elementor-element-populated\">\n\t\t\t\t\t\t<div class=\"elementor-element elementor-element-cd11473 elementor-widget elementor-widget-text-editor\" data-id=\"cd11473\" data-element_type=\"widget\" data-widget_type=\"text-editor.default\">\n\t\t\t\t<div class=\"elementor-widget-container\">\n\t\t\t<style>\/*! elementor - v3.19.0 - 26-02-2024 *\/\n.elementor-widget-text-editor.elementor-drop-cap-view-stacked .elementor-drop-cap{background-color:#69727d;color:#fff}.elementor-widget-text-editor.elementor-drop-cap-view-framed .elementor-drop-cap{color:#69727d;border:3px solid;background-color:transparent}.elementor-widget-text-editor:not(.elementor-drop-cap-view-default) .elementor-drop-cap{margin-top:8px}.elementor-widget-text-editor:not(.elementor-drop-cap-view-default) .elementor-drop-cap-letter{width:1em;height:1em}.elementor-widget-text-editor .elementor-drop-cap{float:left;text-align:center;line-height:1;font-size:50px}.elementor-widget-text-editor .elementor-drop-cap-letter{display:inline-block}<\/style>\t\t\t\t<h2>D\u00e9but d\u2019apprentissage de langues \u00e9trang\u00e8res<\/h2>\t\t\t\t\t\t<\/div>\n\t\t\t\t<\/div>\n\t\t\t\t<div class=\"elementor-element elementor-element-3405d48 elementor-widget elementor-widget-text-editor\" data-id=\"3405d48\" data-element_type=\"widget\" data-widget_type=\"text-editor.default\">\n\t\t\t\t<div class=\"elementor-widget-container\">\n\t\t\t\t\t\t\t<p><strong>Mary Poppins comprend \u00e9galement une section anglophone et une section francophone qui accueille chacune des enfants d\u00e8s l&rsquo;\u00e2ge de 2,5 ans, peu importe leur niveau de langue et dont le but est de permettre \u00e0 ces m\u00eames enfants de poursuivre leur scolarit\u00e9 dans des \u00e9coles anglaises, am\u00e9ricaines ou fran\u00e7aises. <\/strong><\/p>\t\t\t\t\t\t<\/div>\n\t\t\t\t<\/div>\n\t\t\t\t<div class=\"elementor-element elementor-element-e770f8d elementor-widget elementor-widget-text-editor\" data-id=\"e770f8d\" data-element_type=\"widget\" data-widget_type=\"text-editor.default\">\n\t\t\t\t<div class=\"elementor-widget-container\">\n\t\t\t\t\t\t\t<p><span style=\"color: #ffffff;\">Ces classes sont dirig\u00e9es respectivement par une enseignante anglophone et une enseignante francophone.<\/span><\/p>\t\t\t\t\t\t<\/div>\n\t\t\t\t<\/div>\n\t\t\t\t\t<\/div>\n\t\t<\/div>\n\t\t\t\t\t<\/div>\n\t\t<\/section>\n\t\t\t\t<section class=\"elementor-section elementor-top-section elementor-element elementor-element-cbb38b9 qode_elementor_container_inner elementor-section-boxed elementor-section-height-default elementor-section-height-default parallax_section_no\" data-id=\"cbb38b9\" data-element_type=\"section\">\n\t\t\t\t\t\t<div class=\"elementor-container elementor-column-gap-default\">\n\t\t\t\t\t<div class=\"elementor-column elementor-col-100 elementor-top-column elementor-element elementor-element-7bdc1aa\" data-id=\"7bdc1aa\" data-element_type=\"column\">\n\t\t\t<div class=\"elementor-widget-wrap elementor-element-populated\">\n\t\t\t\t\t\t<div class=\"elementor-element elementor-element-a683de9 elementor-widget elementor-widget-text-editor\" data-id=\"a683de9\" data-element_type=\"widget\" data-widget_type=\"text-editor.default\">\n\t\t\t\t<div class=\"elementor-widget-container\">\n\t\t\t\t\t\t\t<h2>Apprentissage amusant et passionnant<\/h2>\t\t\t\t\t\t<\/div>\n\t\t\t\t<\/div>\n\t\t\t\t\t<\/div>\n\t\t<\/div>\n\t\t\t\t\t<\/div>\n\t\t<\/section>\n\t\t\t\t<section class=\"elementor-section elementor-top-section elementor-element elementor-element-03c6b16 qode_elementor_container_inner elementor-section-boxed elementor-section-height-default elementor-section-height-default parallax_section_no\" data-id=\"03c6b16\" data-element_type=\"section\" data-settings=\"{&quot;background_background&quot;:&quot;classic&quot;}\">\n\t\t\t\t\t\t<div class=\"elementor-container elementor-column-gap-default\">\n\t\t\t\t\t<div class=\"elementor-column elementor-col-50 elementor-top-column elementor-element elementor-element-4da64e0\" data-id=\"4da64e0\" data-element_type=\"column\">\n\t\t\t<div class=\"elementor-widget-wrap elementor-element-populated\">\n\t\t\t\t\t\t<div class=\"elementor-element elementor-element-b7042df elementor-widget elementor-widget-image\" data-id=\"b7042df\" data-element_type=\"widget\" data-widget_type=\"image.default\">\n\t\t\t\t<div class=\"elementor-widget-container\">\n\t\t\t\t\t\t\t\t\t\t\t\t\t<img decoding=\"async\" width=\"992\" height=\"660\" src=\"http:\/\/marypoppins.gr\/wp-content\/uploads\/8655_w.jpg\" class=\"attachment-full size-full wp-image-596\" alt=\"\u0391\u03b3\u03b3\u03bb\u03cc\u03c6\u03c9\u03bd\u03b1 \u03ba\u03b1\u03b9 \u0393\u03b1\u03bb\u03bb\u03cc\u03c6\u03c9\u03bd\u03b1 \u03c4\u03bc\u03ae\u03bc\u03b1\u03c4\u03b1\" srcset=\"http:\/\/marypoppins.gr\/wp-content\/uploads\/8655_w.jpg 992w, http:\/\/marypoppins.gr\/wp-content\/uploads\/8655_w-300x200.jpg 300w, http:\/\/marypoppins.gr\/wp-content\/uploads\/8655_w-768x511.jpg 768w, http:\/\/marypoppins.gr\/wp-content\/uploads\/8655_w-700x466.jpg 700w\" sizes=\"(max-width: 992px) 100vw, 992px\" \/>\t\t\t\t\t\t\t\t\t\t\t\t\t<\/div>\n\t\t\t\t<\/div>\n\t\t\t\t\t<\/div>\n\t\t<\/div>\n\t\t\t\t<div class=\"elementor-column elementor-col-50 elementor-top-column elementor-element elementor-element-b716f49\" data-id=\"b716f49\" data-element_type=\"column\">\n\t\t\t<div class=\"elementor-widget-wrap elementor-element-populated\">\n\t\t\t\t\t\t<div class=\"elementor-element elementor-element-9fe00b3 elementor-widget elementor-widget-image\" data-id=\"9fe00b3\" data-element_type=\"widget\" data-widget_type=\"image.default\">\n\t\t\t\t<div class=\"elementor-widget-container\">\n\t\t\t\t\t\t\t\t\t\t\t\t\t<img decoding=\"async\" width=\"992\" height=\"660\" src=\"http:\/\/marypoppins.gr\/wp-content\/uploads\/8588_w.jpg\" class=\"attachment-full size-full wp-image-595\" alt=\"\u0391\u03b3\u03b3\u03bb\u03cc\u03c6\u03c9\u03bd\u03b1 \u03ba\u03b1\u03b9 \u0393\u03b1\u03bb\u03bb\u03cc\u03c6\u03c9\u03bd\u03b1 \u03c4\u03bc\u03ae\u03bc\u03b1\u03c4\u03b1\" srcset=\"http:\/\/marypoppins.gr\/wp-content\/uploads\/8588_w.jpg 992w, http:\/\/marypoppins.gr\/wp-content\/uploads\/8588_w-300x200.jpg 300w, http:\/\/marypoppins.gr\/wp-content\/uploads\/8588_w-768x511.jpg 768w, http:\/\/marypoppins.gr\/wp-content\/uploads\/8588_w-700x466.jpg 700w\" sizes=\"(max-width: 992px) 100vw, 992px\" \/>\t\t\t\t\t\t\t\t\t\t\t\t\t<\/div>\n\t\t\t\t<\/div>\n\t\t\t\t\t<\/div>\n\t\t<\/div>\n\t\t\t\t\t<\/div>\n\t\t<\/section>\n\t\t\t\t<section class=\"elementor-section elementor-top-section elementor-element elementor-element-e4cee2a qode_elementor_container_inner elementor-section-boxed elementor-section-height-default elementor-section-height-default parallax_section_no\" data-id=\"e4cee2a\" data-element_type=\"section\" data-settings=\"{&quot;background_background&quot;:&quot;classic&quot;}\">\n\t\t\t\t\t\t<div class=\"elementor-container elementor-column-gap-default\">\n\t\t\t\t\t<div class=\"elementor-column elementor-col-100 elementor-top-column elementor-element elementor-element-735362a\" data-id=\"735362a\" data-element_type=\"column\">\n\t\t\t<div class=\"elementor-widget-wrap elementor-element-populated\">\n\t\t\t\t\t\t<div class=\"elementor-element elementor-element-edd6a8f elementor-widget elementor-widget-heading\" data-id=\"edd6a8f\" data-element_type=\"widget\" data-widget_type=\"heading.default\">\n\t\t\t\t<div class=\"elementor-widget-container\">\n\t\t\t<style>\/*! elementor - v3.19.0 - 26-02-2024 *\/\n.elementor-heading-title{padding:0;margin:0;line-height:1}.elementor-widget-heading .elementor-heading-title[class*=elementor-size-]>a{color:inherit;font-size:inherit;line-height:inherit}.elementor-widget-heading .elementor-heading-title.elementor-size-small{font-size:15px}.elementor-widget-heading .elementor-heading-title.elementor-size-medium{font-size:19px}.elementor-widget-heading .elementor-heading-title.elementor-size-large{font-size:29px}.elementor-widget-heading .elementor-heading-title.elementor-size-xl{font-size:39px}.elementor-widget-heading .elementor-heading-title.elementor-size-xxl{font-size:59px}<\/style><h4 class=\"elementor-heading-title elementor-size-default\">La section francophone travaille en collaboration avec le Lyc\u00e9e francohell\u00e9nique Eug\u00e8ne Delacroix (LFH) \u00e0 Aghia Paraskevi depuis 2004. <\/h4>\t\t<\/div>\n\t\t\t\t<\/div>\n\t\t\t\t\t<\/div>\n\t\t<\/div>\n\t\t\t\t\t<\/div>\n\t\t<\/section>\n\t\t\t\t<\/div>\n\t\t","protected":false},"excerpt":{"rendered":"<p>D\u00e9but d\u2019apprentissage de langues \u00e9trang\u00e8res Mary Poppins comprend \u00e9galement une section anglophone et une section francophone qui accueille chacune des enfants d\u00e8s l&rsquo;\u00e2ge de 2,5 ans, peu importe leur niveau de langue et dont le but est de permettre \u00e0 ces m\u00eames enfants de poursuivre&#8230;<\/p>\n","protected":false},"author":1,"featured_media":0,"parent":1127,"menu_order":2,"comment_status":"closed","ping_status":"closed","template":"","meta":{"footnotes":""},"class_list":["post-1162","page","type-page","status-publish","hentry"],"_links":{"self":[{"href":"http:\/\/marypoppins.gr\/fr\/wp-json\/wp\/v2\/pages\/1162","targetHints":{"allow":["GET"]}}],"collection":[{"href":"http:\/\/marypoppins.gr\/fr\/wp-json\/wp\/v2\/pages"}],"about":[{"href":"http:\/\/marypoppins.gr\/fr\/wp-json\/wp\/v2\/types\/page"}],"author":[{"embeddable":true,"href":"http:\/\/marypoppins.gr\/fr\/wp-json\/wp\/v2\/users\/1"}],"replies":[{"embeddable":true,"href":"http:\/\/marypoppins.gr\/fr\/wp-json\/wp\/v2\/comments?post=1162"}],"version-history":[{"count":10,"href":"http:\/\/marypoppins.gr\/fr\/wp-json\/wp\/v2\/pages\/1162\/revisions"}],"predecessor-version":[{"id":1305,"href":"http:\/\/marypoppins.gr\/fr\/wp-json\/wp\/v2\/pages\/1162\/revisions\/1305"}],"up":[{"embeddable":true,"href":"http:\/\/marypoppins.gr\/fr\/wp-json\/wp\/v2\/pages\/1127"}],"wp:attachment":[{"href":"http:\/\/marypoppins.gr\/fr\/wp-json\/wp\/v2\/media?parent=1162"}],"curies":[{"name":"wp","href":"https:\/\/api.w.org\/{rel}","templated":true}]}}