{"id":1112,"date":"2020-01-10T10:45:12","date_gmt":"2020-01-10T08:45:12","guid":{"rendered":"https:\/\/marypoppins.gr\/to-nipiagogeio\/"},"modified":"2026-02-04T10:26:44","modified_gmt":"2026-02-04T08:26:44","slug":"to-nipiagogeio","status":"publish","type":"page","link":"http:\/\/marypoppins.gr\/fr\/to-nipiagogeio\/","title":{"rendered":"La Maternelle"},"content":{"rendered":"\t\t<div data-elementor-type=\"wp-page\" data-elementor-id=\"1112\" class=\"elementor elementor-1112 elementor-381\">\n\t\t\t\t\t\t<section class=\"elementor-section elementor-top-section elementor-element elementor-element-1ab01151 qode_elementor_container_inner elementor-section-boxed elementor-section-height-default elementor-section-height-default parallax_section_no\" data-id=\"1ab01151\" data-element_type=\"section\">\n\t\t\t\t\t\t<div class=\"elementor-container elementor-column-gap-default\">\n\t\t\t\t\t<div class=\"elementor-column elementor-col-50 elementor-top-column elementor-element elementor-element-6082981\" data-id=\"6082981\" data-element_type=\"column\">\n\t\t\t<div class=\"elementor-widget-wrap elementor-element-populated\">\n\t\t\t\t\t\t<div class=\"elementor-element elementor-element-c9e8d55 elementor-widget elementor-widget-image\" data-id=\"c9e8d55\" data-element_type=\"widget\" data-widget_type=\"image.default\">\n\t\t\t\t<div class=\"elementor-widget-container\">\n\t\t\t<style>\/*! elementor - v3.19.0 - 26-02-2024 *\/\n.elementor-widget-image{text-align:center}.elementor-widget-image a{display:inline-block}.elementor-widget-image a img[src$=\".svg\"]{width:48px}.elementor-widget-image img{vertical-align:middle;display:inline-block}<\/style>\t\t\t\t\t\t\t\t\t\t<img fetchpriority=\"high\" decoding=\"async\" width=\"600\" height=\"600\" src=\"http:\/\/marypoppins.gr\/wp-content\/uploads\/nipiagogeio-left.jpg\" class=\"attachment-large size-large wp-image-453\" alt=\"\" srcset=\"http:\/\/marypoppins.gr\/wp-content\/uploads\/nipiagogeio-left.jpg 600w, http:\/\/marypoppins.gr\/wp-content\/uploads\/nipiagogeio-left-300x300.jpg 300w, http:\/\/marypoppins.gr\/wp-content\/uploads\/nipiagogeio-left-150x150.jpg 150w, http:\/\/marypoppins.gr\/wp-content\/uploads\/nipiagogeio-left-570x570.jpg 570w, http:\/\/marypoppins.gr\/wp-content\/uploads\/nipiagogeio-left-500x500.jpg 500w\" sizes=\"(max-width: 600px) 100vw, 600px\" \/>\t\t\t\t\t\t\t\t\t\t\t\t\t<\/div>\n\t\t\t\t<\/div>\n\t\t\t\t\t<\/div>\n\t\t<\/div>\n\t\t\t\t<div class=\"elementor-column elementor-col-50 elementor-top-column elementor-element elementor-element-3d4da43f\" data-id=\"3d4da43f\" data-element_type=\"column\">\n\t\t\t<div class=\"elementor-widget-wrap elementor-element-populated\">\n\t\t\t\t\t\t<div class=\"elementor-element elementor-element-7c470615 elementor-widget elementor-widget-text-editor\" data-id=\"7c470615\" data-element_type=\"widget\" data-widget_type=\"text-editor.default\">\n\t\t\t\t<div class=\"elementor-widget-container\">\n\t\t\t<style>\/*! elementor - v3.19.0 - 26-02-2024 *\/\n.elementor-widget-text-editor.elementor-drop-cap-view-stacked .elementor-drop-cap{background-color:#69727d;color:#fff}.elementor-widget-text-editor.elementor-drop-cap-view-framed .elementor-drop-cap{color:#69727d;border:3px solid;background-color:transparent}.elementor-widget-text-editor:not(.elementor-drop-cap-view-default) .elementor-drop-cap{margin-top:8px}.elementor-widget-text-editor:not(.elementor-drop-cap-view-default) .elementor-drop-cap-letter{width:1em;height:1em}.elementor-widget-text-editor .elementor-drop-cap{float:left;text-align:center;line-height:1;font-size:50px}.elementor-widget-text-editor .elementor-drop-cap-letter{display:inline-block}<\/style>\t\t\t\t<h2>Les d\u00e9buts \u00e9ducatifs<br \/>Apprendre et cr\u00e9er<\/h2>\t\t\t\t\t\t<\/div>\n\t\t\t\t<\/div>\n\t\t\t\t<div class=\"elementor-element elementor-element-2380cbf0 elementor-widget elementor-widget-text-editor\" data-id=\"2380cbf0\" data-element_type=\"widget\" data-widget_type=\"text-editor.default\">\n\t\t\t\t<div class=\"elementor-widget-container\">\n\t\t\t\t\t\t\t<p>La grande section de maternelle suit les directives du Minist\u00e8re de l&rsquo;Enseignement en ce qui concerne le premier cycle et pr\u00e9pare totalement les enfants \u00e0 l&rsquo;entr\u00e9e \u00e0 l&rsquo;\u00e9cole primaire.<\/p>\t\t\t\t\t\t<\/div>\n\t\t\t\t<\/div>\n\t\t\t\t<div class=\"elementor-element elementor-element-a93f313 elementor-widget elementor-widget-text-editor\" data-id=\"a93f313\" data-element_type=\"widget\" data-widget_type=\"text-editor.default\">\n\t\t\t\t<div class=\"elementor-widget-container\">\n\t\t\t\t\t\t\t<p><span style=\"color: #ffffff;\"><em><img decoding=\"async\" class=\"alignnone wp-image-787\" src=\"http:\/\/marypoppins.gr\/wp-content\/uploads\/quotes.png\" alt=\"\" width=\"45\" height=\"49\" \/>Notre objectif est que lorsque les enfants quitteront MARY POPPINS et auront termin\u00e9 le cycle d&rsquo;enseignement de quatre ans avec nous, ils seront pleinement pr\u00e9par\u00e9s pour le prochain cycle d&rsquo;enseignement qui s&rsquo;ouvrira devant eux.<\/em><\/span><\/p>\t\t\t\t\t\t<\/div>\n\t\t\t\t<\/div>\n\t\t\t\t\t<\/div>\n\t\t<\/div>\n\t\t\t\t\t<\/div>\n\t\t<\/section>\n\t\t\t\t<section class=\"elementor-section elementor-top-section elementor-element elementor-element-23cd8f qode_elementor_container_inner elementor-section-boxed elementor-section-height-default elementor-section-height-default parallax_section_no\" data-id=\"23cd8f\" data-element_type=\"section\">\n\t\t\t\t\t\t<div class=\"elementor-container elementor-column-gap-default\">\n\t\t\t\t\t<div class=\"elementor-column elementor-col-100 elementor-top-column elementor-element elementor-element-14b15653\" data-id=\"14b15653\" data-element_type=\"column\">\n\t\t\t<div class=\"elementor-widget-wrap elementor-element-populated\">\n\t\t\t\t\t\t<div class=\"elementor-element elementor-element-7586310 elementor-widget elementor-widget-text-editor\" data-id=\"7586310\" data-element_type=\"widget\" data-widget_type=\"text-editor.default\">\n\t\t\t\t<div class=\"elementor-widget-container\">\n\t\t\t\t\t\t\t<h5>MAT\u00c9RIEL P\u00c9DAGOGIQUE COMPLET \u2013 SOLIDES RESSOURCES D\u2019APPRENTISSAGE<\/h5>\t\t\t\t\t\t<\/div>\n\t\t\t\t<\/div>\n\t\t\t\t<div class=\"elementor-element elementor-element-25968242 elementor-widget elementor-widget-text-editor\" data-id=\"25968242\" data-element_type=\"widget\" data-widget_type=\"text-editor.default\">\n\t\t\t\t<div class=\"elementor-widget-container\">\n\t\t\t\t\t\t\t<p>Pour cela, les enseignantes ont \u00e0 leur disposition tout le mat\u00e9riel p\u00e9dagogique n\u00e9cessaire.<\/p><p>Ainsi, les enfants vont y faire l&rsquo;apprentissage non seulement des nombres, des lettres et du monde qui les entoure mais ils vont apprendre aussi \u00e0 mieux se conna\u00eetre et \u00e0 se socialiser. Ils vont y recevoir les fondements \u00e9ducatifs et p\u00e9dagogiques sur lesquels vont s&rsquo;appuyer et se d\u00e9velopper leurs futurs apprentissages pour l&rsquo;ensemble de leur scolarit\u00e9.<\/p>\t\t\t\t\t\t<\/div>\n\t\t\t\t<\/div>\n\t\t\t\t\t<\/div>\n\t\t<\/div>\n\t\t\t\t\t<\/div>\n\t\t<\/section>\n\t\t\t\t<section class=\"elementor-section elementor-top-section elementor-element elementor-element-ef4e22a qode_elementor_container_inner elementor-section-boxed elementor-section-height-default elementor-section-height-default parallax_section_no\" data-id=\"ef4e22a\" data-element_type=\"section\" data-settings=\"{&quot;background_background&quot;:&quot;classic&quot;}\">\n\t\t\t\t\t\t<div class=\"elementor-container elementor-column-gap-default\">\n\t\t\t\t\t<div class=\"elementor-column elementor-col-33 elementor-top-column elementor-element elementor-element-a9f91eb\" data-id=\"a9f91eb\" data-element_type=\"column\">\n\t\t\t<div class=\"elementor-widget-wrap elementor-element-populated\">\n\t\t\t\t\t\t<div class=\"elementor-element elementor-element-59c9dfa elementor-widget elementor-widget-image\" data-id=\"59c9dfa\" data-element_type=\"widget\" data-widget_type=\"image.default\">\n\t\t\t\t<div class=\"elementor-widget-container\">\n\t\t\t\t\t\t\t\t\t\t\t\t\t<img decoding=\"async\" width=\"600\" height=\"600\" src=\"http:\/\/marypoppins.gr\/wp-content\/uploads\/nipiagogeio02.jpg\" class=\"attachment-full size-full wp-image-473\" alt=\"\" srcset=\"http:\/\/marypoppins.gr\/wp-content\/uploads\/nipiagogeio02.jpg 600w, http:\/\/marypoppins.gr\/wp-content\/uploads\/nipiagogeio02-300x300.jpg 300w, http:\/\/marypoppins.gr\/wp-content\/uploads\/nipiagogeio02-150x150.jpg 150w, http:\/\/marypoppins.gr\/wp-content\/uploads\/nipiagogeio02-570x570.jpg 570w, http:\/\/marypoppins.gr\/wp-content\/uploads\/nipiagogeio02-500x500.jpg 500w\" sizes=\"(max-width: 600px) 100vw, 600px\" \/>\t\t\t\t\t\t\t\t\t\t\t\t\t<\/div>\n\t\t\t\t<\/div>\n\t\t\t\t\t<\/div>\n\t\t<\/div>\n\t\t\t\t<div class=\"elementor-column elementor-col-33 elementor-top-column elementor-element elementor-element-ae5eecc\" data-id=\"ae5eecc\" data-element_type=\"column\">\n\t\t\t<div class=\"elementor-widget-wrap elementor-element-populated\">\n\t\t\t\t\t\t<div class=\"elementor-element elementor-element-0a28548 elementor-widget elementor-widget-image\" data-id=\"0a28548\" data-element_type=\"widget\" data-widget_type=\"image.default\">\n\t\t\t\t<div class=\"elementor-widget-container\">\n\t\t\t\t\t\t\t\t\t\t\t\t\t<img loading=\"lazy\" decoding=\"async\" width=\"600\" height=\"600\" src=\"http:\/\/marypoppins.gr\/wp-content\/uploads\/nipiagogeio03.jpg\" class=\"attachment-full size-full wp-image-474\" alt=\"\" srcset=\"http:\/\/marypoppins.gr\/wp-content\/uploads\/nipiagogeio03.jpg 600w, http:\/\/marypoppins.gr\/wp-content\/uploads\/nipiagogeio03-300x300.jpg 300w, http:\/\/marypoppins.gr\/wp-content\/uploads\/nipiagogeio03-150x150.jpg 150w, http:\/\/marypoppins.gr\/wp-content\/uploads\/nipiagogeio03-570x570.jpg 570w, http:\/\/marypoppins.gr\/wp-content\/uploads\/nipiagogeio03-500x500.jpg 500w\" sizes=\"(max-width: 600px) 100vw, 600px\" \/>\t\t\t\t\t\t\t\t\t\t\t\t\t<\/div>\n\t\t\t\t<\/div>\n\t\t\t\t\t<\/div>\n\t\t<\/div>\n\t\t\t\t<div class=\"elementor-column elementor-col-33 elementor-top-column elementor-element elementor-element-b8f18dc\" data-id=\"b8f18dc\" data-element_type=\"column\">\n\t\t\t<div class=\"elementor-widget-wrap elementor-element-populated\">\n\t\t\t\t\t\t<div class=\"elementor-element elementor-element-9a26644 elementor-widget elementor-widget-image\" data-id=\"9a26644\" data-element_type=\"widget\" data-widget_type=\"image.default\">\n\t\t\t\t<div class=\"elementor-widget-container\">\n\t\t\t\t\t\t\t\t\t\t\t\t\t<img loading=\"lazy\" decoding=\"async\" width=\"600\" height=\"600\" src=\"http:\/\/marypoppins.gr\/wp-content\/uploads\/nipiagogeio04.jpg\" class=\"attachment-full size-full wp-image-475\" alt=\"\" srcset=\"http:\/\/marypoppins.gr\/wp-content\/uploads\/nipiagogeio04.jpg 600w, http:\/\/marypoppins.gr\/wp-content\/uploads\/nipiagogeio04-300x300.jpg 300w, http:\/\/marypoppins.gr\/wp-content\/uploads\/nipiagogeio04-150x150.jpg 150w, http:\/\/marypoppins.gr\/wp-content\/uploads\/nipiagogeio04-570x570.jpg 570w, http:\/\/marypoppins.gr\/wp-content\/uploads\/nipiagogeio04-500x500.jpg 500w\" sizes=\"(max-width: 600px) 100vw, 600px\" \/>\t\t\t\t\t\t\t\t\t\t\t\t\t<\/div>\n\t\t\t\t<\/div>\n\t\t\t\t\t<\/div>\n\t\t<\/div>\n\t\t\t\t\t<\/div>\n\t\t<\/section>\n\t\t\t\t<section class=\"elementor-section elementor-top-section elementor-element elementor-element-2a4f735 qode_elementor_container_inner elementor-hidden-desktop elementor-hidden-tablet elementor-hidden-mobile elementor-section-boxed elementor-section-height-default elementor-section-height-default parallax_section_no\" data-id=\"2a4f735\" data-element_type=\"section\" data-settings=\"{&quot;background_background&quot;:&quot;classic&quot;}\">\n\t\t\t\t\t\t<div class=\"elementor-container elementor-column-gap-default\">\n\t\t\t\t\t<div class=\"elementor-column elementor-col-100 elementor-top-column elementor-element elementor-element-d0bf0ff\" data-id=\"d0bf0ff\" data-element_type=\"column\">\n\t\t\t<div class=\"elementor-widget-wrap elementor-element-populated\">\n\t\t\t\t\t\t<div class=\"elementor-element elementor-element-8c2c834 elementor-widget elementor-widget-text-editor\" data-id=\"8c2c834\" data-element_type=\"widget\" data-widget_type=\"text-editor.default\">\n\t\t\t\t<div class=\"elementor-widget-container\">\n\t\t\t\t\t\t\t<p>\u0388\u03c7\u03bf\u03bd\u03c4\u03b1\u03c2 \u03b1\u03c0\u03bf\u03ba\u03c4\u03ae\u03c3\u03b5\u03b9 \u03cc\u03bb\u03b1 \u03c4\u03b1 \u03b1\u03c0\u03b1\u03c1\u03b1\u03af\u03c4\u03b7\u03c4\u03b1 \u03bc\u03b1\u03b8\u03b7\u03c3\u03b9\u03b1\u03ba\u03ac \u03b5\u03c6\u03cc\u03b4\u03b9\u03b1 \u03ba\u03b1\u03b9 \u03c0\u03b1\u03c1\u03ac\u03bb\u03bb\u03b7\u03bb\u03b1 \u03b4\u03b5\u03af\u03c7\u03bd\u03bf\u03bd\u03c4\u03b1\u03c2 \u03c4\u03bf\u03c5\u03c2 \u03cc\u03c7\u03b9 \u03c4\u03b9 \u03bd\u03b1 \u03ba\u03ac\u03bd\u03bf\u03c5\u03bd \u03b1\u03bb\u03bb\u03ac \u03c4\u03bf \u03c0\u03ce\u03c2 \u03bd\u03b1 \u03c4\u03bf \u03ba\u03ac\u03bd\u03bf\u03c5\u03bd, \u03b5\u03af\u03bd\u03b1\u03b9 \u03c3\u03b5 \u03b8\u03ad\u03c3\u03b7 \u03bd\u03b1 \u03b4\u03b9\u03b1\u03c7\u03b5\u03b9\u03c1\u03b9\u03c3\u03c4\u03bf\u03cd\u03bd \u03bf\u03c0\u03bf\u03b9\u03b1\u03b4\u03ae\u03c0\u03bf\u03c4\u03b5 \u03ba\u03b1\u03c4\u03ac\u03c3\u03c4\u03b1\u03c3\u03b7 \u03bc\u03c0\u03bf\u03c1\u03b5\u03af \u03bd\u03b1 \u03c4\u03b1 \u03b5\u03c0\u03b7\u03c1\u03b5\u03ac\u03c3\u03b5\u03b9 \u03c3\u03c4\u03b7\u03bd \u03bc\u03b5\u03c4\u03ad\u03c0\u03b5\u03b9\u03c4\u03b1 \u03bc\u03b1\u03b8\u03b7\u03c3\u03b9\u03b1\u03ba\u03ae \u03c4\u03bf\u03c5\u03c2 \u03c0\u03bf\u03c1\u03b5\u03af\u03b1.<\/p>\t\t\t\t\t\t<\/div>\n\t\t\t\t<\/div>\n\t\t\t\t<div class=\"elementor-element elementor-element-3429091 elementor-widget elementor-widget-bridge_blockquote\" data-id=\"3429091\" data-element_type=\"widget\" data-widget_type=\"bridge_blockquote.default\">\n\t\t\t\t<div class=\"elementor-widget-container\">\n\t\t\t<blockquote class=' with_quote_icon' style='background-color: #DA275B;'><i class='fa fa-quote-right' style='color: #FFFFFF;'><\/i><h5 class='blockquote-text' style='color: #FFFFFF;'>\u039f\u03b9 \u03ba\u03c5\u03c1\u03b9\u03cc\u03c4\u03b5\u03c1\u03bf\u03b9 \u03c3\u03c4\u03cc\u03c7\u03bf\u03b9 \u03c4\u03bf\u03c5 \u03bd\u03b7\u03c0\u03b9\u03b1\u03b3\u03c9\u03b3\u03b5\u03af\u03bf\u03c5 \u03bc\u03b1\u03c2 \u03b5\u03af\u03bd\u03b1\u03b9 \u03bd\u03b1 \u03ba\u03b9\u03bd\u03b7\u03c4\u03bf\u03c0\u03bf\u03b9\u03bf\u03cd\u03bc\u03b5 \u03c4\u03bf \u03b5\u03bd\u03b4\u03b9\u03b1\u03c6\u03ad\u03c1\u03bf\u03bd \u03c4\u03c9\u03bd \u03c0\u03b1\u03b9\u03b4\u03b9\u03ce\u03bd \u03b3\u03b9\u03b1 \u03bc\u03ac\u03b8\u03b7\u03c3\u03b7 \u03ba\u03b1\u03b9 \u03b4\u03b7\u03bc\u03b9\u03bf\u03c5\u03c1\u03b3\u03af\u03b1 \u03bc\u03b5 \u03ad\u03bd\u03b1\u03bd \u03c4\u03c1\u03cc\u03c0\u03bf \u03b5\u03c5\u03c7\u03ac\u03c1\u03b9\u03c3\u03c4\u03bf \u03b3\u03b9\u03b1 \u03b1\u03c5\u03c4\u03ac. \u0391\u03c5\u03c4\u03cc \u03b1\u03c6\u03ae\u03bd\u03b5\u03b9 \u03c3\u03c4\u03b1 \u03c0\u03b1\u03b9\u03b4\u03b9\u03ac \u03ad\u03bd\u03b1 \u03b1\u03c0\u03bf\u03c4\u03cd\u03c0\u03c9\u03bc\u03b1 \u03b3\u03bd\u03ce\u03c3\u03b7\u03c2, \u03c0\u03bf\u03c5 \u03b8\u03b1 \u03c4\u03bf\u03c5\u03c2 \u03bf\u03c0\u03bb\u03af\u03b6\u03b5\u03b9 \u03bc\u03b5 \u03c3\u03b9\u03b3\u03bf\u03c5\u03c1\u03b9\u03ac, \u03ba\u03b1\u03b8\u03ce\u03c2 \u03ba\u03b1\u03b9 \u03ad\u03bd\u03b1 \u03b1\u03c0\u03bf\u03c4\u03cd\u03c0\u03c9\u03bc\u03b1 \u03b5\u03c5\u03c7\u03ac\u03c1\u03b9\u03c3\u03c4\u03b7\u03c2 \u03b1\u03bd\u03ac\u03bc\u03bd\u03b7\u03c3\u03b7\u03c2.<\/h5><\/blockquote>\t\t<\/div>\n\t\t\t\t<\/div>\n\t\t\t\t\t<\/div>\n\t\t<\/div>\n\t\t\t\t\t<\/div>\n\t\t<\/section>\n\t\t\t\t<section class=\"elementor-section elementor-top-section elementor-element elementor-element-b61ddd9 qode_elementor_container_inner elementor-section-boxed elementor-section-height-default elementor-section-height-default parallax_section_no\" data-id=\"b61ddd9\" data-element_type=\"section\">\n\t\t\t\t\t\t<div class=\"elementor-container elementor-column-gap-default\">\n\t\t\t\t\t<div class=\"elementor-column elementor-col-50 elementor-top-column elementor-element elementor-element-9ef3102\" data-id=\"9ef3102\" data-element_type=\"column\">\n\t\t\t<div class=\"elementor-widget-wrap elementor-element-populated\">\n\t\t\t\t\t\t<div class=\"elementor-element elementor-element-34cbd23 elementor-widget elementor-widget-image\" data-id=\"34cbd23\" data-element_type=\"widget\" data-widget_type=\"image.default\">\n\t\t\t\t<div class=\"elementor-widget-container\">\n\t\t\t\t\t\t\t\t\t\t\t\t\t<img loading=\"lazy\" decoding=\"async\" width=\"600\" height=\"600\" src=\"http:\/\/marypoppins.gr\/wp-content\/uploads\/nipiagogeio01.jpg\" class=\"attachment-large size-large wp-image-472\" alt=\"\" srcset=\"http:\/\/marypoppins.gr\/wp-content\/uploads\/nipiagogeio01.jpg 600w, http:\/\/marypoppins.gr\/wp-content\/uploads\/nipiagogeio01-300x300.jpg 300w, http:\/\/marypoppins.gr\/wp-content\/uploads\/nipiagogeio01-150x150.jpg 150w, http:\/\/marypoppins.gr\/wp-content\/uploads\/nipiagogeio01-570x570.jpg 570w, http:\/\/marypoppins.gr\/wp-content\/uploads\/nipiagogeio01-500x500.jpg 500w\" sizes=\"(max-width: 600px) 100vw, 600px\" \/>\t\t\t\t\t\t\t\t\t\t\t\t\t<\/div>\n\t\t\t\t<\/div>\n\t\t\t\t\t<\/div>\n\t\t<\/div>\n\t\t\t\t<div class=\"elementor-column elementor-col-50 elementor-top-column elementor-element elementor-element-ab8fc00\" data-id=\"ab8fc00\" data-element_type=\"column\">\n\t\t\t<div class=\"elementor-widget-wrap elementor-element-populated\">\n\t\t\t\t\t\t<div class=\"elementor-element elementor-element-56cc559 elementor-widget elementor-widget-text-editor\" data-id=\"56cc559\" data-element_type=\"widget\" data-widget_type=\"text-editor.default\">\n\t\t\t\t<div class=\"elementor-widget-container\">\n\t\t\t\t\t\t\t<h2>MATERNELLE \u00ab\u00a0UN BEAU SOUVENIR\u00a0\u00bb<\/h2>\t\t\t\t\t\t<\/div>\n\t\t\t\t<\/div>\n\t\t\t\t<div class=\"elementor-element elementor-element-0a6726f elementor-widget elementor-widget-text-editor\" data-id=\"0a6726f\" data-element_type=\"widget\" data-widget_type=\"text-editor.default\">\n\t\t\t\t<div class=\"elementor-widget-container\">\n\t\t\t\t\t\t\t<p><span style=\"color: #ffffff;\"><em><img decoding=\"async\" class=\"alignnone wp-image-787\" src=\"http:\/\/marypoppins.gr\/wp-content\/uploads\/quotes.png\" alt=\"\" width=\"45\" height=\"49\" \/>Les principaux objectifs de notre jardin d&rsquo;enfants sont de stimuler l&rsquo;int\u00e9r\u00eat des enfants pour l&rsquo;apprentissage d&rsquo;une mani\u00e8re agr\u00e9able. Cela laisse aux enfants un bagage de connaissances qui les armera de confiance ainsi qu\u2019un beau souvenir.<\/em><\/span><\/p>\t\t\t\t\t\t<\/div>\n\t\t\t\t<\/div>\n\t\t\t\t<div class=\"elementor-element elementor-element-25a277b elementor-widget elementor-widget-text-editor\" data-id=\"25a277b\" data-element_type=\"widget\" data-widget_type=\"text-editor.default\">\n\t\t\t\t<div class=\"elementor-widget-container\">\n\t\t\t\t\t\t\t<p>Aussi quand nos anciens \u00e9l\u00e8ves qu&rsquo;ils soient \u00e0 l&rsquo;\u00e9cole primaire, au coll\u00e8ge, au lyc\u00e9e ou m\u00eame \u00e0 l&rsquo;universit\u00e9 nous font la surprise d&rsquo;une visite, quel bonheur! Quel bonheur de savoir qu&rsquo;ils y sont arriv\u00e9s ou sont en bonne voie d&rsquo;y parvenir.<\/p>\t\t\t\t\t\t<\/div>\n\t\t\t\t<\/div>\n\t\t\t\t<div class=\"elementor-element elementor-element-775e700 elementor-widget elementor-widget-text-editor\" data-id=\"775e700\" data-element_type=\"widget\" data-widget_type=\"text-editor.default\">\n\t\t\t\t<div class=\"elementor-widget-container\">\n\t\t\t\t\t\t\t<p>Mais notre plus grande joie est de nous voir confier les enfants de nos anciens devenus eux-m\u00eames parents. Car c&rsquo;est cette reconnaissance qui fait que notre \u00e9cole est ce qu&rsquo;elle est aujourd&rsquo;hui et ce qu&rsquo;elle sera demain.<\/p>\t\t\t\t\t\t<\/div>\n\t\t\t\t<\/div>\n\t\t\t\t\t<\/div>\n\t\t<\/div>\n\t\t\t\t\t<\/div>\n\t\t<\/section>\n\t\t\t\t<section class=\"elementor-section elementor-top-section elementor-element elementor-element-1cf843d qode_elementor_container_inner elementor-section-boxed elementor-section-height-default elementor-section-height-default parallax_section_no\" data-id=\"1cf843d\" data-element_type=\"section\" data-settings=\"{&quot;background_background&quot;:&quot;classic&quot;}\">\n\t\t\t\t\t\t<div class=\"elementor-container elementor-column-gap-default\">\n\t\t\t\t\t<div class=\"elementor-column elementor-col-100 elementor-top-column elementor-element elementor-element-a896da0\" data-id=\"a896da0\" data-element_type=\"column\" data-settings=\"{&quot;background_background&quot;:&quot;classic&quot;}\">\n\t\t\t<div class=\"elementor-widget-wrap elementor-element-populated\">\n\t\t\t\t\t\t<div class=\"elementor-element elementor-element-a578655 elementor-widget elementor-widget-bridge_icon_text\" data-id=\"a578655\" data-element_type=\"widget\" data-widget_type=\"bridge_icon_text.default\">\n\t\t\t\t<div class=\"elementor-widget-container\">\n\t\t\t<div class='q_icon_with_title medium normal_icon '><div class=\"icon_holder \" style=\" \"><span data-icon-type=\"normal\"   style=\"\" class=\"qode_iwt_icon_holder q_font_awsome_icon fa-3x  qode-type1-gradient-left-to-right-text\"><i class=\"qode_icon_font_awesome fa fa-heart qode_iwt_icon_element\" style=\"\" ><\/i><\/span><\/div><div class=\"icon_text_holder\" style=\"\"><div class=\"icon_text_inner\" style=\"\"><h5 class=\"icon_title\" style=\"\">Une relation de partage dans les deux sens qui, depuis tant d'ann\u00e9es, n'a fait que des gagnants.<\/h5><p style=''><\/p><\/div><\/div><\/div>\t\t<\/div>\n\t\t\t\t<\/div>\n\t\t\t\t<div class=\"elementor-element elementor-element-9b3f405 elementor-widget elementor-widget-text-editor\" data-id=\"9b3f405\" data-element_type=\"widget\" data-widget_type=\"text-editor.default\">\n\t\t\t\t<div class=\"elementor-widget-container\">\n\t\t\t\t\t\t\t<p>Chaque ann\u00e9e, lorsque les enfants partent en premi\u00e8re ann\u00e9e, nous nous demandons si nous avons fini par leur donner plus que ce que nous avons re\u00e7u d&rsquo;eux. Cette question est ce qui a cr\u00e9\u00e9 cette relation entre nous pendant tant d&rsquo;ann\u00e9es et nous am\u00e8ne \u00e0 \u00eatre \u00e0 l\u2019\u00e9coute de leurs demandes et besoins et \u00e0 enrichir nos programmes avec du mat\u00e9riel \u00e9ducatif moderne.<\/p>\t\t\t\t\t\t<\/div>\n\t\t\t\t<\/div>\n\t\t\t\t\t<\/div>\n\t\t<\/div>\n\t\t\t\t\t<\/div>\n\t\t<\/section>\n\t\t\t\t<\/div>\n\t\t","protected":false},"excerpt":{"rendered":"<p>Les d\u00e9buts \u00e9ducatifsApprendre et cr\u00e9er La grande section de maternelle suit les directives du Minist\u00e8re de l&rsquo;Enseignement en ce qui concerne le premier cycle et pr\u00e9pare totalement les enfants \u00e0 l&rsquo;entr\u00e9e \u00e0 l&rsquo;\u00e9cole primaire. Notre objectif est que lorsque les enfants quitteront MARY POPPINS et&#8230;<\/p>\n","protected":false},"author":1,"featured_media":0,"parent":0,"menu_order":0,"comment_status":"closed","ping_status":"closed","template":"full_width.php","meta":{"footnotes":""},"class_list":["post-1112","page","type-page","status-publish","hentry"],"_links":{"self":[{"href":"http:\/\/marypoppins.gr\/fr\/wp-json\/wp\/v2\/pages\/1112","targetHints":{"allow":["GET"]}}],"collection":[{"href":"http:\/\/marypoppins.gr\/fr\/wp-json\/wp\/v2\/pages"}],"about":[{"href":"http:\/\/marypoppins.gr\/fr\/wp-json\/wp\/v2\/types\/page"}],"author":[{"embeddable":true,"href":"http:\/\/marypoppins.gr\/fr\/wp-json\/wp\/v2\/users\/1"}],"replies":[{"embeddable":true,"href":"http:\/\/marypoppins.gr\/fr\/wp-json\/wp\/v2\/comments?post=1112"}],"version-history":[{"count":13,"href":"http:\/\/marypoppins.gr\/fr\/wp-json\/wp\/v2\/pages\/1112\/revisions"}],"predecessor-version":[{"id":1317,"href":"http:\/\/marypoppins.gr\/fr\/wp-json\/wp\/v2\/pages\/1112\/revisions\/1317"}],"wp:attachment":[{"href":"http:\/\/marypoppins.gr\/fr\/wp-json\/wp\/v2\/media?parent=1112"}],"curies":[{"name":"wp","href":"https:\/\/api.w.org\/{rel}","templated":true}]}}